{"id":23,"date":"2026-02-08T21:18:11","date_gmt":"2026-02-08T21:18:11","guid":{"rendered":"http:\/\/humanodesign.art\/?page_id=23"},"modified":"2026-02-08T23:07:16","modified_gmt":"2026-02-08T23:07:16","slug":"home","status":"publish","type":"page","link":"https:\/\/humanodesign.art\/","title":{"rendered":"HOME"},"content":{"rendered":"\t\t<div data-elementor-type=\"wp-page\" data-elementor-id=\"23\" class=\"elementor elementor-23\">\n\t\t\t\t<div class=\"elementor-element elementor-element-9e8b485 e-con-full e-flex e-con e-parent\" data-id=\"9e8b485\" data-element_type=\"container\" data-e-type=\"container\">\n\t\t<div class=\"elementor-element elementor-element-4c66538 e-con-full e-flex e-con e-child\" data-id=\"4c66538\" data-element_type=\"container\" data-e-type=\"container\">\n\t\t\t\t<div class=\"elementor-element elementor-element-a254d9e elementor-widget elementor-widget-text-editor\" data-id=\"a254d9e\" data-element_type=\"widget\" data-e-type=\"widget\" data-widget_type=\"text-editor.default\">\n\t\t\t\t\t\t\t\t\t<p>\u203e<\/p>\t\t\t\t\t\t\t\t<\/div>\n\t\t\t\t<\/div>\n\t\t<div class=\"elementor-element elementor-element-fc06387 e-con-full e-flex e-con e-child\" data-id=\"fc06387\" data-element_type=\"container\" data-e-type=\"container\">\n\t\t\t\t<div class=\"elementor-element elementor-element-eb35fcf elementor-widget elementor-widget-text-editor\" data-id=\"eb35fcf\" data-element_type=\"widget\" data-e-type=\"widget\" data-widget_type=\"text-editor.default\">\n\t\t\t\t\t\t\t\t\t<p style=\"text-align: right;\">\u00ac<\/p>\t\t\t\t\t\t\t\t<\/div>\n\t\t\t\t<\/div>\n\t\t\t\t<\/div>\n\t\t<div class=\"elementor-element elementor-element-21abe1b e-con-full e-flex e-con e-parent\" data-id=\"21abe1b\" data-element_type=\"container\" data-e-type=\"container\">\n\t\t<div class=\"elementor-element elementor-element-d2ad9ff e-con-full e-flex e-con e-child\" data-id=\"d2ad9ff\" data-element_type=\"container\" data-e-type=\"container\">\n\t\t\t\t<div class=\"elementor-element elementor-element-f41a140 elementor-widget elementor-widget-image\" data-id=\"f41a140\" data-element_type=\"widget\" data-e-type=\"widget\" data-widget_type=\"image.default\">\n\t\t\t\t\t\t\t\t\t\t\t\t\t\t\t<img decoding=\"async\" width=\"300\" height=\"94\" src=\"http:\/\/humanodesign.art\/wp-content\/uploads\/2026\/02\/2020invert-300x94.webp\" class=\"attachment-medium size-medium wp-image-54\" alt=\"\" srcset=\"http:\/\/humanodesign.art\/wp-content\/uploads\/2026\/02\/2020invert-300x94.webp 300w, http:\/\/humanodesign.art\/wp-content\/uploads\/2026\/02\/2020invert-1024x322.webp 1024w, http:\/\/humanodesign.art\/wp-content\/uploads\/2026\/02\/2020invert-768x242.webp 768w, http:\/\/humanodesign.art\/wp-content\/uploads\/2026\/02\/2020invert.webp 1275w\" sizes=\"(max-width: 300px) 100vw, 300px\" \/>\t\t\t\t\t\t\t\t\t\t\t\t\t\t\t<\/div>\n\t\t\t\t<\/div>\n\t\t<div class=\"elementor-element elementor-element-c515722 e-con-full e-flex e-con e-child\" data-id=\"c515722\" data-element_type=\"container\" data-e-type=\"container\">\n\t\t\t\t<div class=\"elementor-element elementor-element-b323ab1 elementor-widget elementor-widget-text-editor\" data-id=\"b323ab1\" data-element_type=\"widget\" data-e-type=\"widget\" data-widget_type=\"text-editor.default\">\n\t\t\t\t\t\t\t\t\t<p style=\"text-align: right;\"><strong>Contact<br \/><\/strong>(+351 &#8212; &#8212; &#8212;)<br \/>info@&#8212;<\/p>\t\t\t\t\t\t\t\t<\/div>\n\t\t\t\t<\/div>\n\t\t\t\t<\/div>\n\t\t<div class=\"elementor-element elementor-element-3b52f6b e-con-full e-flex e-con e-parent\" data-id=\"3b52f6b\" data-element_type=\"container\" data-e-type=\"container\">\n\t\t\t\t<div class=\"elementor-element elementor-element-7430331 elementor-widget elementor-widget-spacer\" data-id=\"7430331\" data-element_type=\"widget\" data-e-type=\"widget\" data-widget_type=\"spacer.default\">\n\t\t\t\t\t\t\t<div class=\"elementor-spacer\">\n\t\t\t<div class=\"elementor-spacer-inner\"><\/div>\n\t\t<\/div>\n\t\t\t\t\t\t<\/div>\n\t\t\t\t<div class=\"elementor-element elementor-element-5685f72 elementor-widget elementor-widget-spacer\" data-id=\"5685f72\" data-element_type=\"widget\" data-e-type=\"widget\" data-widget_type=\"spacer.default\">\n\t\t\t\t\t\t\t<div class=\"elementor-spacer\">\n\t\t\t<div class=\"elementor-spacer-inner\"><\/div>\n\t\t<\/div>\n\t\t\t\t\t\t<\/div>\n\t\t\t\t<div class=\"elementor-element elementor-element-3607ab6 elementor-widget elementor-widget-spacer\" data-id=\"3607ab6\" data-element_type=\"widget\" data-e-type=\"widget\" data-widget_type=\"spacer.default\">\n\t\t\t\t\t\t\t<div class=\"elementor-spacer\">\n\t\t\t<div class=\"elementor-spacer-inner\"><\/div>\n\t\t<\/div>\n\t\t\t\t\t\t<\/div>\n\t\t\t\t<div class=\"elementor-element elementor-element-7543d1f elementor-widget elementor-widget-spacer\" data-id=\"7543d1f\" data-element_type=\"widget\" data-e-type=\"widget\" data-widget_type=\"spacer.default\">\n\t\t\t\t\t\t\t<div class=\"elementor-spacer\">\n\t\t\t<div class=\"elementor-spacer-inner\"><\/div>\n\t\t<\/div>\n\t\t\t\t\t\t<\/div>\n\t\t\t\t<\/div>\n\t\t<div class=\"elementor-element elementor-element-eae9bd3 e-con-full e-flex e-con e-parent\" data-id=\"eae9bd3\" data-element_type=\"container\" data-e-type=\"container\">\n\t\t\t\t<div class=\"elementor-element elementor-element-127ee2c elementor-widget elementor-widget-image\" data-id=\"127ee2c\" data-element_type=\"widget\" data-e-type=\"widget\" data-widget_type=\"image.default\">\n\t\t\t\t\t\t\t\t\t\t\t\t\t\t\t<img decoding=\"async\" src=\"http:\/\/humanodesign.art\/wp-content\/uploads\/elementor\/thumbs\/Full2-rivdj3tf6y1nnp3k0uv7my5g6476yh0d8zn6xrxd6o.webp\" title=\"Full2\" alt=\"Full2\" loading=\"lazy\" \/>\t\t\t\t\t\t\t\t\t\t\t\t\t\t\t<\/div>\n\t\t\t\t<\/div>\n\t\t<div class=\"elementor-element elementor-element-c344c09 e-con-full e-flex e-con e-parent\" data-id=\"c344c09\" data-element_type=\"container\" data-e-type=\"container\">\n\t\t<div class=\"elementor-element elementor-element-95bfac4 e-con-full e-flex e-con e-child\" data-id=\"95bfac4\" data-element_type=\"container\" data-e-type=\"container\">\n\t\t\t\t<div class=\"elementor-element elementor-element-d9c34ed elementor-widget elementor-widget-text-editor\" data-id=\"d9c34ed\" data-element_type=\"widget\" data-e-type=\"widget\" data-widget_type=\"text-editor.default\">\n\t\t\t\t\t\t\t\t\t<p><strong>\u2610<\/strong><\/p>\t\t\t\t\t\t\t\t<\/div>\n\t\t\t\t<\/div>\n\t\t<div class=\"elementor-element elementor-element-e76f942 e-con-full e-flex e-con e-child\" data-id=\"e76f942\" data-element_type=\"container\" data-e-type=\"container\">\n\t\t\t\t<div class=\"elementor-element elementor-element-a3c4145 elementor-widget elementor-widget-text-editor\" data-id=\"a3c4145\" data-element_type=\"widget\" data-e-type=\"widget\" data-widget_type=\"text-editor.default\">\n\t\t\t\t\t\t\t\t\t<p style=\"text-align: right;\">\ud80c\ude00<\/p>\t\t\t\t\t\t\t\t<\/div>\n\t\t\t\t<\/div>\n\t\t\t\t<\/div>\n\t\t<div class=\"elementor-element elementor-element-fc33564 e-con-full e-flex e-con e-parent\" data-id=\"fc33564\" data-element_type=\"container\" data-e-type=\"container\">\n\t\t\t\t<div class=\"elementor-element elementor-element-29015cb elementor-widget elementor-widget-spacer\" data-id=\"29015cb\" data-element_type=\"widget\" data-e-type=\"widget\" data-widget_type=\"spacer.default\">\n\t\t\t\t\t\t\t<div class=\"elementor-spacer\">\n\t\t\t<div class=\"elementor-spacer-inner\"><\/div>\n\t\t<\/div>\n\t\t\t\t\t\t<\/div>\n\t\t\t\t<\/div>\n\t\t<div class=\"elementor-element elementor-element-2e2b1aa e-con-full e-flex e-con e-parent\" data-id=\"2e2b1aa\" data-element_type=\"container\" data-e-type=\"container\" data-settings=\"{&quot;background_background&quot;:&quot;classic&quot;}\">\n\t\t\t\t<div class=\"elementor-element elementor-element-a32ecb7 elementor-widget elementor-widget-spacer\" data-id=\"a32ecb7\" data-element_type=\"widget\" data-e-type=\"widget\" data-widget_type=\"spacer.default\">\n\t\t\t\t\t\t\t<div class=\"elementor-spacer\">\n\t\t\t<div class=\"elementor-spacer-inner\"><\/div>\n\t\t<\/div>\n\t\t\t\t\t\t<\/div>\n\t\t\t\t<\/div>\n\t\t<div class=\"elementor-element elementor-element-079e27f e-con-full e-flex e-con e-parent\" data-id=\"079e27f\" data-element_type=\"container\" data-e-type=\"container\">\n\t\t\t\t<div class=\"elementor-element elementor-element-210618f elementor-widget elementor-widget-text-editor\" data-id=\"210618f\" data-element_type=\"widget\" data-e-type=\"widget\" data-widget_type=\"text-editor.default\">\n\t\t\t\t\t\t\t\t\t<div class=\"elementor-element elementor-element-5ced5566 elementor-widget elementor-widget-heading\" data-id=\"5ced5566\" data-element_type=\"widget\" data-e-type=\"widget\" data-widget_type=\"heading.default\"><div class=\"elementor-widget-container optml-bg-lazyloaded\"><div class=\"elementor-element elementor-element-a5462bc elementor-widget elementor-widget-text-editor\" data-id=\"a5462bc\" data-element_type=\"widget\" data-e-type=\"widget\" data-widget_type=\"text-editor.default\"><p>\u00a0<\/p><p class=\"elementor-widget-container optml-bg-lazyloaded\">Desde 2011<br \/>Portef\u00f3lio em 12 Pa\u00edses<br \/>Especializa\u00e7\u00e3o em Imagem Corporativa\/ Cria\u00e7\u00e3o de Marcas<\/p><\/div><div class=\"elementor-widget-container optml-bg-lazyloaded\"><div class=\"elementor-divider\">Pr\u00e9mios Internacionais<\/div><\/div><div class=\"elementor-element elementor-element-e2f3eb9 e-con-full e-flex e-con e-child\" data-id=\"e2f3eb9\" data-element_type=\"container\" data-e-type=\"container\" data-settings=\"{&quot;jet_parallax_layout_list&quot;:[]}\"><div class=\"e-con-inner\"><div class=\"elementor-element elementor-element-de50331 elementor-widget__width-auto elementor-widget elementor-widget-counter\" data-id=\"de50331\" data-element_type=\"widget\" data-e-type=\"widget\" data-widget_type=\"counter.default\"><div class=\"elementor-widget-container optml-bg-lazyloaded\"><div class=\"elementor-counter\"><div class=\"elementor-counter-number-wrapper\"><span class=\"elementor-counter-number\" data-duration=\"2000\" data-to-value=\"10\" data-from-value=\"0\" data-delimiter=\",\">10<\/span><\/div><\/div><\/div><\/div><\/div><div class=\"elementor-element elementor-element-54736c7 e-flex e-con-boxed e-con e-child\" data-id=\"54736c7\" data-element_type=\"container\" data-e-type=\"container\" data-settings=\"{&quot;jet_parallax_layout_list&quot;:[]}\"><div class=\"e-con-inner\"><div class=\"elementor-element elementor-element-9f63f42 elementor-widget__width-auto elementor-widget elementor-widget-counter\" data-id=\"9f63f42\" data-element_type=\"widget\" data-e-type=\"widget\" data-widget_type=\"counter.default\"><div class=\"elementor-widget-container optml-bg-lazyloaded\"><div class=\"elementor-counter\"><p class=\"elementor-counter-title\">Projetos de Branding<\/p><\/div><\/div><\/div><\/div><\/div><\/div><\/div><\/div>\t\t\t\t\t\t\t\t<\/div>\n\t\t\t\t<\/div>\n\t\t<div class=\"elementor-element elementor-element-1a607ff e-con-full e-flex e-con e-parent\" data-id=\"1a607ff\" data-element_type=\"container\" data-e-type=\"container\" data-settings=\"{&quot;background_background&quot;:&quot;classic&quot;}\">\n\t\t\t\t<div class=\"elementor-element elementor-element-9c97119 elementor-widget elementor-widget-text-editor\" data-id=\"9c97119\" data-element_type=\"widget\" data-e-type=\"widget\" data-widget_type=\"text-editor.default\">\n\t\t\t\t\t\t\t\t\t<p><strong>brands build different<\/strong><\/p>\t\t\t\t\t\t\t\t<\/div>\n\t\t\t\t<\/div>\n\t\t<div class=\"elementor-element elementor-element-f2e91a9 e-con-full e-flex e-con e-parent\" data-id=\"f2e91a9\" data-element_type=\"container\" data-e-type=\"container\">\n\t\t<div class=\"elementor-element elementor-element-28b076d e-con-full e-flex e-con e-child\" data-id=\"28b076d\" data-element_type=\"container\" data-e-type=\"container\">\n\t\t\t\t<div class=\"elementor-element elementor-element-2b41e03 elementor-widget elementor-widget-image\" data-id=\"2b41e03\" data-element_type=\"widget\" data-e-type=\"widget\" data-widget_type=\"image.default\">\n\t\t\t\t\t\t\t\t\t\t\t\t\t\t\t<img decoding=\"async\" src=\"http:\/\/humanodesign.art\/wp-content\/uploads\/elementor\/thumbs\/Artboard-1-rivfjso3pphnnq5a7zaqc6gofg4949ocutvmwa1iww.png\" title=\"Artboard 1\" alt=\"Artboard 1\" loading=\"lazy\" \/>\t\t\t\t\t\t\t\t\t\t\t\t\t\t\t<\/div>\n\t\t\t\t<\/div>\n\t\t<div class=\"elementor-element elementor-element-c0687c4 e-con-full e-flex e-con e-child\" data-id=\"c0687c4\" data-element_type=\"container\" data-e-type=\"container\">\n\t\t\t\t<div class=\"elementor-element elementor-element-c4a8ed5 elementor-widget elementor-widget-image\" data-id=\"c4a8ed5\" data-element_type=\"widget\" data-e-type=\"widget\" data-widget_type=\"image.default\">\n\t\t\t\t\t\t\t\t\t\t\t\t\t\t\t<img decoding=\"async\" src=\"http:\/\/humanodesign.art\/wp-content\/uploads\/elementor\/thumbs\/Artboard-1-rivfjso3pphnnq5a7zaqc6gofg4949ocutvmwa1iww.png\" title=\"Artboard 1\" alt=\"Artboard 1\" loading=\"lazy\" \/>\t\t\t\t\t\t\t\t\t\t\t\t\t\t\t<\/div>\n\t\t\t\t<\/div>\n\t\t<div class=\"elementor-element elementor-element-d3ae23f e-con-full e-flex e-con e-child\" data-id=\"d3ae23f\" data-element_type=\"container\" data-e-type=\"container\">\n\t\t\t\t<div class=\"elementor-element elementor-element-7104074 elementor-widget elementor-widget-image\" data-id=\"7104074\" data-element_type=\"widget\" data-e-type=\"widget\" data-widget_type=\"image.default\">\n\t\t\t\t\t\t\t\t\t\t\t\t\t\t\t<img decoding=\"async\" src=\"http:\/\/humanodesign.art\/wp-content\/uploads\/elementor\/thumbs\/Artboard-1-rivfjso3pphnnq5a7zaqc6gofg4949ocutvmwa1iww.png\" title=\"Artboard 1\" alt=\"Artboard 1\" loading=\"lazy\" \/>\t\t\t\t\t\t\t\t\t\t\t\t\t\t\t<\/div>\n\t\t\t\t<\/div>\n\t\t<div class=\"elementor-element elementor-element-313da8d e-con-full e-flex e-con e-child\" data-id=\"313da8d\" data-element_type=\"container\" data-e-type=\"container\">\n\t\t\t\t<div class=\"elementor-element elementor-element-d29a6ff elementor-widget elementor-widget-image\" data-id=\"d29a6ff\" data-element_type=\"widget\" data-e-type=\"widget\" data-widget_type=\"image.default\">\n\t\t\t\t\t\t\t\t\t\t\t\t\t\t\t<img decoding=\"async\" src=\"http:\/\/humanodesign.art\/wp-content\/uploads\/elementor\/thumbs\/Artboard-1-rivfjso3pphnnq5a7zaqc6gofg4949ocutvmwa1iww.png\" title=\"Artboard 1\" alt=\"Artboard 1\" loading=\"lazy\" \/>\t\t\t\t\t\t\t\t\t\t\t\t\t\t\t<\/div>\n\t\t\t\t<\/div>\n\t\t<div class=\"elementor-element elementor-element-b27b654 e-con-full e-flex e-con e-child\" data-id=\"b27b654\" data-element_type=\"container\" data-e-type=\"container\">\n\t\t\t\t<div class=\"elementor-element elementor-element-cd2cb23 elementor-widget elementor-widget-image\" data-id=\"cd2cb23\" data-element_type=\"widget\" data-e-type=\"widget\" data-widget_type=\"image.default\">\n\t\t\t\t\t\t\t\t\t\t\t\t\t\t\t<img decoding=\"async\" src=\"http:\/\/humanodesign.art\/wp-content\/uploads\/elementor\/thumbs\/Artboard-1-rivfjso3pphnnq5a7zaqc6gofg4949ocutvmwa1iww.png\" title=\"Artboard 1\" alt=\"Artboard 1\" loading=\"lazy\" \/>\t\t\t\t\t\t\t\t\t\t\t\t\t\t\t<\/div>\n\t\t\t\t<\/div>\n\t\t<div class=\"elementor-element elementor-element-f22c508 e-con-full e-flex e-con e-child\" data-id=\"f22c508\" data-element_type=\"container\" data-e-type=\"container\">\n\t\t\t\t<div class=\"elementor-element elementor-element-8ca1deb elementor-widget elementor-widget-image\" data-id=\"8ca1deb\" data-element_type=\"widget\" data-e-type=\"widget\" data-widget_type=\"image.default\">\n\t\t\t\t\t\t\t\t\t\t\t\t\t\t\t<img decoding=\"async\" src=\"http:\/\/humanodesign.art\/wp-content\/uploads\/elementor\/thumbs\/Artboard-1-rivfjso3pphnnq5a7zaqc6gofg4949ocutvmwa1iww.png\" title=\"Artboard 1\" alt=\"Artboard 1\" loading=\"lazy\" \/>\t\t\t\t\t\t\t\t\t\t\t\t\t\t\t<\/div>\n\t\t\t\t<\/div>\n\t\t\t\t<\/div>\n\t\t<div class=\"elementor-element elementor-element-6619423 e-con-full e-flex e-con e-parent\" data-id=\"6619423\" data-element_type=\"container\" data-e-type=\"container\">\n\t\t\t\t<div class=\"elementor-element elementor-element-3aa8d8c elementor-widget elementor-widget-text-editor\" data-id=\"3aa8d8c\" data-element_type=\"widget\" data-e-type=\"widget\" data-widget_type=\"text-editor.default\">\n\t\t\t\t\t\t\t\t\t<div class=\"elementor-element elementor-element-5ced5566 elementor-widget elementor-widget-heading\" data-id=\"5ced5566\" data-element_type=\"widget\" data-e-type=\"widget\" data-widget_type=\"heading.default\"><div class=\"elementor-widget-container optml-bg-lazyloaded\"><p class=\"elementor-heading-title elementor-size-default\">Servi\u00e7os<\/p><\/div><\/div><div class=\"elementor-element elementor-element-4f0451f4 elementor-widget__width-initial elementor-widget elementor-widget-heading\" data-id=\"4f0451f4\" data-element_type=\"widget\" data-e-type=\"widget\" data-widget_type=\"heading.default\"><div class=\"elementor-widget-container optml-bg-lazyloaded\"><p class=\"elementor-heading-title elementor-size-default\">\u00a0<\/p><p>Branding\u00a0Cria\u00e7\u00e3o de Imagens de Identidade, Manual Corporativo, Tipografia;<\/p><p>Ilustra\u00e7\u00e3o\u00a0Publicidade, Caricaturas, Editorial, Ativa\u00e7\u00f5es de Marca, Social Media;<\/p><p>Design\u00a0Impress\u00e3o e Digital, Packaging, Infografia e Iconografia, Redes-Sociais;<\/p><\/div><\/div>\t\t\t\t\t\t\t\t<\/div>\n\t\t\t\t<\/div>\n\t\t<div class=\"elementor-element elementor-element-75d61a3 e-con-full e-flex e-con e-parent\" data-id=\"75d61a3\" data-element_type=\"container\" data-e-type=\"container\" data-settings=\"{&quot;background_background&quot;:&quot;classic&quot;}\">\n\t\t\t\t<div class=\"elementor-element elementor-element-0e7d1bd elementor-widget elementor-widget-text-editor\" data-id=\"0e7d1bd\" data-element_type=\"widget\" data-e-type=\"widget\" data-widget_type=\"text-editor.default\">\n\t\t\t\t\t\t\t\t\t<p><strong>our mission<\/strong><\/p>\t\t\t\t\t\t\t\t<\/div>\n\t\t\t\t<\/div>\n\t\t<div class=\"elementor-element elementor-element-4d879d6 e-con-full e-flex e-con e-parent\" data-id=\"4d879d6\" data-element_type=\"container\" data-e-type=\"container\">\n\t\t\t\t<div class=\"elementor-element elementor-element-09832cd elementor-widget elementor-widget-text-editor\" data-id=\"09832cd\" data-element_type=\"widget\" data-e-type=\"widget\" data-widget_type=\"text-editor.default\">\n\t\t\t\t\t\t\t\t\t<p>texto miss\u00e3o, anti-ai x anos de profiss\u00e3o<br \/>marcas feitas &#8220;\u00e0 m\u00e3o&#8221;<br \/>sem ai, sem c\u00f3pias, 100% originais<\/p>\t\t\t\t\t\t\t\t<\/div>\n\t\t\t\t<\/div>\n\t\t<div class=\"elementor-element elementor-element-21c6060 e-flex e-con-boxed e-con e-parent\" data-id=\"21c6060\" data-element_type=\"container\" data-e-type=\"container\">\n\t\t\t\t\t<div class=\"e-con-inner\">\n\t\t\t\t<div class=\"elementor-element elementor-element-cd8c845 elementor-align-center elementor-widget elementor-widget-button\" data-id=\"cd8c845\" data-element_type=\"widget\" data-e-type=\"widget\" data-widget_type=\"button.default\">\n\t\t\t\t\t\t\t\t\t\t<a class=\"elementor-button elementor-button-link elementor-size-sm\" href=\"#mailto\">\n\t\t\t\t\t\t<span class=\"elementor-button-content-wrapper\">\n\t\t\t\t\t\t\t\t\t<span class=\"elementor-button-text\">MAIL US: CONTACT@MAIL<\/span>\n\t\t\t\t\t<\/span>\n\t\t\t\t\t<\/a>\n\t\t\t\t\t\t\t\t<\/div>\n\t\t\t\t\t<\/div>\n\t\t\t\t<\/div>\n\t\t\t\t<\/div>\n\t\t","protected":false},"excerpt":{"rendered":"<p>\u203e \u00ac Contact(+351 &#8212; &#8212; &#8212;)info@&#8212; \u2610 \ud80c\ude00 \u00a0 Desde 2011Portef\u00f3lio em 12 Pa\u00edsesEspecializa\u00e7\u00e3o em Imagem Corporativa\/ Cria\u00e7\u00e3o de Marcas Pr\u00e9mios Internacionais10 Projetos de Branding brands build different Servi\u00e7os \u00a0 Branding\u00a0Cria\u00e7\u00e3o de Imagens de Identidade, Manual Corporativo, Tipografia; Ilustra\u00e7\u00e3o\u00a0Publicidade, Caricaturas, Editorial, Ativa\u00e7\u00f5es de Marca, Social Media; Design\u00a0Impress\u00e3o e Digital, Packaging, Infografia e Iconografia, Redes-Sociais; our [&hellip;]<\/p>\n","protected":false},"author":1,"featured_media":0,"parent":0,"menu_order":0,"comment_status":"closed","ping_status":"closed","template":"elementor_header_footer","meta":{"footnotes":""},"categories":[],"tags":[],"class_list":["post-23","page","type-page","status-publish","hentry"],"_links":{"self":[{"href":"https:\/\/humanodesign.art\/index.php?rest_route=\/wp\/v2\/pages\/23","targetHints":{"allow":["GET"]}}],"collection":[{"href":"https:\/\/humanodesign.art\/index.php?rest_route=\/wp\/v2\/pages"}],"about":[{"href":"https:\/\/humanodesign.art\/index.php?rest_route=\/wp\/v2\/types\/page"}],"author":[{"embeddable":true,"href":"https:\/\/humanodesign.art\/index.php?rest_route=\/wp\/v2\/users\/1"}],"replies":[{"embeddable":true,"href":"https:\/\/humanodesign.art\/index.php?rest_route=%2Fwp%2Fv2%2Fcomments&post=23"}],"version-history":[{"count":16,"href":"https:\/\/humanodesign.art\/index.php?rest_route=\/wp\/v2\/pages\/23\/revisions"}],"predecessor-version":[{"id":90,"href":"https:\/\/humanodesign.art\/index.php?rest_route=\/wp\/v2\/pages\/23\/revisions\/90"}],"wp:attachment":[{"href":"https:\/\/humanodesign.art\/index.php?rest_route=%2Fwp%2Fv2%2Fmedia&parent=23"}],"wp:term":[{"taxonomy":"category","embeddable":true,"href":"https:\/\/humanodesign.art\/index.php?rest_route=%2Fwp%2Fv2%2Fcategories&post=23"},{"taxonomy":"post_tag","embeddable":true,"href":"https:\/\/humanodesign.art\/index.php?rest_route=%2Fwp%2Fv2%2Ftags&post=23"}],"curies":[{"name":"wp","href":"https:\/\/api.w.org\/{rel}","templated":true}]}}